{"id":2508,"date":"2024-08-22T09:49:08","date_gmt":"2024-08-22T07:49:08","guid":{"rendered":"https:\/\/nature.musees-valais-dev.ch\/rechtliche-hinweise\/"},"modified":"2025-02-27T09:31:44","modified_gmt":"2025-02-27T08:31:44","slug":"rechtliche-hinweise","status":"publish","type":"page","link":"https:\/\/nature.musees-valais-dev.ch\/de\/rechtliche-hinweise\/","title":{"rendered":"Rechtliche Hinweise"},"content":{"rendered":"<p>[et_pb_section fb_built=&#8220;1&#8243; _builder_version=&#8220;4.27.0&#8243; _module_preset=&#8220;default&#8220; global_colors_info=&#8220;{}&#8220;][et_pb_row _builder_version=&#8220;4.27.0&#8243; _module_preset=&#8220;default&#8220; global_colors_info=&#8220;{}&#8220;][et_pb_column type=&#8220;4_4&#8243; _builder_version=&#8220;4.27.0&#8243; _module_preset=&#8220;default&#8220; global_colors_info=&#8220;{}&#8220;][et_pb_text _builder_version=&#8220;4.27.4&#8243; _module_preset=&#8220;default&#8220; global_colors_info=&#8220;{}&#8220;]<\/p>\n<h1>Rechtliche Hinweise<\/h1>\n<p>[\/et_pb_text][et_pb_text _builder_version=&#8220;4.27.4&#8243; _module_preset=&#8220;default&#8220; hover_enabled=&#8220;0&#8243; sticky_enabled=&#8220;0&#8243;]<\/p>\n<p>Mit dem Abrufen von Informationen, Angaben oder Dokumenten auf der Website der Walliser Kantonsmuseen erkl\u00e4ren Sie sich mit den nachstehenden Bedingungen einverstanden. Die Walliser Kantonsmuseen behalten sich das Recht vor, den Inhalt der Website und der vorliegenden Bedingungen jederzeit und nach eigenem Ermessen ganz oder teilweise zu \u00e4ndern, zu erg\u00e4nzen oder zu l\u00f6schen. Dasselbe gilt im Falle von Verbesserungen und\/oder \u00c4nderungen der Informationen.  <\/p>\n<h2>Urheberrechte<\/h2>\n<p>Der gesamte Inhalt (Texte, Grafiken, Fotos usw.) der Website ist urheberrechtlich gesch\u00fctzt und geh\u00f6rt, sofern nichts anderes bestimmt ist, ausschliesslich und vollst\u00e4ndig den Walliser Kantonsmuseen. Die Benutzenden m\u00fcssen auch die Hinweise auf Schutz- und Nutzungsrechte von Dritten beachten, die auf dieser Website erscheinen k\u00f6nnen. <\/p>\n<p>Die Walliser Kantonsmuseen stellen die auf der Website enthaltenen Informationen ausschliesslich f\u00fcr den privaten Gebrauch und zu Informationszwecken zur Verf\u00fcgung.<\/p>\n<p>Das (teilweise oder vollst\u00e4ndige) Reproduzieren, Verbreiten (elektronisch oder mit anderen Mitteln), Modifizieren, Verkn\u00fcpfen oder Benutzen der auf der Website enthaltenen Informationen jeglicher Art f\u00fcr \u00f6ffentliche oder kommerzielle Zwecke bedarf der vorherigen schriftlichen Zustimmung der Walliser Kantonsmuseen.<\/p>\n<h2>Links zu anderen Websites<\/h2>\n<p>Die Website der Walliser Kantonsmuseen enth\u00e4lt Links zu Websites Dritter, die f\u00fcr Sie von Interesse sein k\u00f6nnten. Wenn Sie diese Links aktivieren, verlassen Sie m\u00f6glicherweise die Website www.museen-wallis.ch oder es erscheinen Fenster von Websites Dritter in der Umgebung der Website. Die Walliser Kantonsmuseen haben keine Kontrolle \u00fcber die mit der Website www.museen-wallis.ch verkn\u00fcpften Websites Dritter und k\u00f6nnen in keiner Weise f\u00fcr den Inhalt und die Funktionsweise dieser Websites verantwortlich gemacht werden. Dies gilt unabh\u00e4ngig davon, ob Sie die Umgebung der Website <a href=\"https:\/\/nature.musees-valais-dev.ch\/de\/\">www.museen-wallis.ch<\/a> durch Aktivierung eines Links verlassen oder ob die Darstellung einer Website Dritter in der Umgebung der Website www.museen-wallis.ch erscheint, selbst wenn in diesem Fall der Anbieter der auf dieser Website Dritter enthaltenen Informationen nicht klar ersichtlich ist. Das Risiko oder die Gefahr, die sich aus der Verbindung mit oder dem Besuch von Websites Dritter ergeben kann, ist ausschliesslich Sache der Benutzenden.    <\/p>\n<h2>Schutz Ihrer pers\u00f6nlichen Daten<\/h2>\n<p>Wir legen grossen Wert auf die Sicherheit und Vertraulichkeit Ihrer pers\u00f6nlichen Daten. Dieser Text soll Sie dar\u00fcber informieren, wie wir Ihre Daten sammeln, verwenden, weitergeben und sch\u00fctzen. <\/p>\n<h3>Sammeln von Daten<\/h3>\n<p>Wir sammeln auf verschiedene Weise personenbezogene Daten, z. B. wenn Sie unsere Website besuchen, unsere Dienste nutzen oder mit uns kommunizieren. Diese Daten k\u00f6nnen Informationen wie Ihren Namen, Ihre E-Mail-Adresse, Ihre Telefonnummer und andere Daten umfassen, die f\u00fcr die Bereitstellung unserer Dienste erforderlich sind. <\/p>\n<h3>Verwendung von Daten<\/h3>\n<p>Die von uns gesammelten personenbezogenen Daten werden dazu verwendet, Ihnen relevante Informationen zu liefern, unsere Dienstleistungen zu verbessern, Ihre Erfahrung zu personalisieren und Sie bei Bedarf zu kontaktieren. Wir verkaufen oder vermieten Ihre Daten niemals an Dritte. <\/p>\n<h3>Sicherheit der Daten<\/h3>\n<p>Die Sicherheit Ihrer pers\u00f6nlichen Daten hat f\u00fcr uns h\u00f6chste Priorit\u00e4t. Wir setzen Sicherheitsmassnahmen ein, um Ihre Daten vor unbefugtem Zugriff, Verlust, Offenlegung oder \u00c4nderung zu sch\u00fctzen. <\/p>\n<h3>Newsletter und E-Mails<\/h3>\n<p>Die E-Mails oder Newsletter der Walliser Kantonsmuseen werden Ihnen nur dann zugesandt, wenn Sie dies w\u00fcnschen. Wenn Sie diese nicht mehr erhalten m\u00f6chten, k\u00f6nnen Sie sich jederzeit abmelden. <\/p>\n<p>[\/et_pb_text][\/et_pb_column][\/et_pb_row][\/et_pb_section]<\/p>\n","protected":false},"excerpt":{"rendered":"<p>Rechtliche HinweiseMit dem Abrufen von Informationen, Angaben oder Dokumenten auf der Website der Walliser Kantonsmuseen erkl\u00e4ren Sie sich mit den nachstehenden Bedingungen einverstanden. Die Walliser Kantonsmuseen behalten sich das Recht vor, den Inhalt der Website und der vorliegenden Bedingungen jederzeit und nach eigenem Ermessen ganz oder teilweise zu \u00e4ndern, zu erg\u00e4nzen oder zu l\u00f6schen. Dasselbe [&hellip;]<\/p>\n","protected":false},"author":2,"featured_media":0,"parent":0,"menu_order":0,"comment_status":"closed","ping_status":"closed","template":"","meta":{"_acf_changed":false,"_et_pb_use_builder":"on","_et_pb_old_content":"","_et_gb_content_width":"","_crsspst_to_musees-valais-devch":false,"_crsspst_to_artmusees-valais-devch":false,"_crsspst_to_histoiremusees-valais-devch":false,"footnotes":""},"class_list":["post-2508","page","type-page","status-publish","hentry"],"acf":[],"_links":{"self":[{"href":"https:\/\/nature.musees-valais-dev.ch\/de\/wp-json\/wp\/v2\/pages\/2508","targetHints":{"allow":["GET"]}}],"collection":[{"href":"https:\/\/nature.musees-valais-dev.ch\/de\/wp-json\/wp\/v2\/pages"}],"about":[{"href":"https:\/\/nature.musees-valais-dev.ch\/de\/wp-json\/wp\/v2\/types\/page"}],"author":[{"embeddable":true,"href":"https:\/\/nature.musees-valais-dev.ch\/de\/wp-json\/wp\/v2\/users\/2"}],"replies":[{"embeddable":true,"href":"https:\/\/nature.musees-valais-dev.ch\/de\/wp-json\/wp\/v2\/comments?post=2508"}],"version-history":[{"count":2,"href":"https:\/\/nature.musees-valais-dev.ch\/de\/wp-json\/wp\/v2\/pages\/2508\/revisions"}],"predecessor-version":[{"id":2510,"href":"https:\/\/nature.musees-valais-dev.ch\/de\/wp-json\/wp\/v2\/pages\/2508\/revisions\/2510"}],"wp:attachment":[{"href":"https:\/\/nature.musees-valais-dev.ch\/de\/wp-json\/wp\/v2\/media?parent=2508"}],"curies":[{"name":"wp","href":"https:\/\/api.w.org\/{rel}","templated":true}]}}