{"id":2667,"date":"2024-04-03T15:40:21","date_gmt":"2024-04-03T13:40:21","guid":{"rendered":"https:\/\/nature.musees-valais-dev.ch\/ausstellungen\/"},"modified":"2025-03-14T15:56:25","modified_gmt":"2025-03-14T14:56:25","slug":"ausstellungen","status":"publish","type":"page","link":"https:\/\/nature.musees-valais-dev.ch\/de\/ausstellungen\/","title":{"rendered":"Ausstellungen"},"content":{"rendered":"<p>[et_pb_section fb_built=&#8220;1&#8243; fullwidth=&#8220;on&#8220; _builder_version=&#8220;4.27.4&#8243; _module_preset=&#8220;default&#8220; global_colors_info=&#8220;{}&#8220;][et_pb_fullwidth_image src=&#8220;https:\/\/nature.musees-valais-dev.ch\/wp-content\/uploads\/2025\/02\/Exposition-MN.jpg&#8220; alt=&#8220;Expositions Mus\u00e9e de la nature du Valais \u00a9 Mus\u00e9es cantonaux du Valais. Paul Cardi &#8211; lumi\u00e8re.ch&#8220; title_text=&#8220;Expositions Mus\u00e9e de la nature du Valais \u00a9 Mus\u00e9es cantonaux du Valais. Paul Cardi &#8211; lumi\u00e8re.ch&#8220; src_tablet=&#8220;https:\/\/nature.musees-valais-dev.ch\/wp-content\/uploads\/2025\/02\/Expositions-Musee-de-la-nature-du-Valais-\u00a9-Musees-cantonaux-du-Valais.-Paul-Cardi-lumiere.ch_.jpg&#8220; src_phone=&#8220;https:\/\/nature.musees-valais-dev.ch\/wp-content\/uploads\/2025\/02\/Expositions-Musee-de-la-nature-du-Valais-\u00a9-Musees-cantonaux-du-Valais.-Paul-Cardi-lumiere.ch_.jpg&#8220; src_last_edited=&#8220;on|phone&#8220; _builder_version=&#8220;4.27.4&#8243; _module_preset=&#8220;default&#8220; global_colors_info=&#8220;{}&#8220;][\/et_pb_fullwidth_image][\/et_pb_section][et_pb_section fb_built=&#8220;1&#8243; _builder_version=&#8220;4.27.4&#8243; _module_preset=&#8220;default&#8220; background_enable_color=&#8220;off&#8220; global_colors_info=&#8220;{}&#8220;][et_pb_row _builder_version=&#8220;4.27.4&#8243; _module_preset=&#8220;default&#8220; custom_padding=&#8220;||||false|false&#8220; global_colors_info=&#8220;{}&#8220;][et_pb_column type=&#8220;4_4&#8243; _builder_version=&#8220;4.22.1&#8243; _module_preset=&#8220;default&#8220; global_colors_info=&#8220;{}&#8220;][et_pb_text _builder_version=&#8220;4.27.4&#8243; _module_preset=&#8220;default&#8220; header_text_color=&#8220;#000000&#8243; header_2_font_size=&#8220;72px&#8220; header_2_font_size_tablet=&#8220;50px&#8220; header_2_font_size_phone=&#8220;36px&#8220; header_2_font_size_last_edited=&#8220;on|phone&#8220; global_colors_info=&#8220;{}&#8220;]<\/p>\n<h2>Laufende Ausstellungen<\/h2>\n<p>[\/et_pb_text][\/et_pb_column][\/et_pb_row][\/et_pb_section][et_pb_section fb_built=&#8220;1&#8243; _builder_version=&#8220;4.27.4&#8243; _module_preset=&#8220;default&#8220; global_colors_info=&#8220;{}&#8220;][et_pb_row _builder_version=&#8220;4.27.4&#8243; _module_preset=&#8220;default&#8220; width=&#8220;93%&#8220; width_tablet=&#8220;95%&#8220; width_phone=&#8220;98%&#8220; width_last_edited=&#8220;on|phone&#8220; custom_padding=&#8220;0px||||false|false&#8220; global_colors_info=&#8220;{}&#8220;][et_pb_column type=&#8220;4_4&#8243; _builder_version=&#8220;4.27.4&#8243; _module_preset=&#8220;default&#8220; global_colors_info=&#8220;{}&#8220;][et_pb_de_mach_archive_loop post_type_choose=&#8220;exposition-nature&#8220; loop_layout=&#8220;2764&#8243; no_posts_layout_text=&#8220;D\u00e9sol\u00e9, il n&#8217;y a rien dans cette cat\u00e9gorie&#8220; acf_name=&#8220;field_672b5dbd07fab&#8220; acf_value=&#8220;En ce moment&#8220; order_asc_desc=&#8220;DESC&#8220; enable_loadmore=&#8220;infinite&#8220; equal_height=&#8220;on&#8220; columns=&#8220;3&#8243; date_format=&#8220;j F Y&#8220; _builder_version=&#8220;4.27.4&#8243; _module_preset=&#8220;default&#8220; hover_enabled=&#8220;0&#8243; global_colors_info=&#8220;{}&#8220; sticky_enabled=&#8220;0&#8243;][\/et_pb_de_mach_archive_loop][\/et_pb_column][\/et_pb_row][\/et_pb_section][et_pb_section fb_built=&#8220;1&#8243; _builder_version=&#8220;4.27.4&#8243; _module_preset=&#8220;default&#8220; global_colors_info=&#8220;{}&#8220;][et_pb_row disabled_on=&#8220;on|on|on&#8220; _builder_version=&#8220;4.27.4&#8243; _module_preset=&#8220;default&#8220; custom_padding=&#8220;0px||0px||false|false&#8220; disabled=&#8220;on&#8220; global_colors_info=&#8220;{}&#8220;][et_pb_column type=&#8220;4_4&#8243; _builder_version=&#8220;4.27.4&#8243; _module_preset=&#8220;default&#8220; global_colors_info=&#8220;{}&#8220;][et_pb_text _builder_version=&#8220;4.27.4&#8243; _module_preset=&#8220;default&#8220; global_colors_info=&#8220;{}&#8220;]<\/p>\n<h2>Kommende Ausstellungen<\/h2>\n<p>[\/et_pb_text][\/et_pb_column][\/et_pb_row][\/et_pb_section][et_pb_section fb_built=&#8220;1&#8243; _builder_version=&#8220;4.27.4&#8243; _module_preset=&#8220;default&#8220; global_colors_info=&#8220;{}&#8220;][et_pb_row _builder_version=&#8220;4.27.4&#8243; _module_preset=&#8220;default&#8220; width=&#8220;93%&#8220; width_tablet=&#8220;98%&#8220; width_phone=&#8220;98%&#8220; width_last_edited=&#8220;on|phone&#8220; custom_padding=&#8220;0px||||false|false&#8220; global_colors_info=&#8220;{}&#8220;][et_pb_column type=&#8220;4_4&#8243; _builder_version=&#8220;4.27.4&#8243; _module_preset=&#8220;default&#8220; global_colors_info=&#8220;{}&#8220;][et_pb_de_mach_archive_loop post_type_choose=&#8220;exposition-nature&#8220; loop_layout=&#8220;2764&#8243; no_posts_layout_text=&#8220;D\u00e9sol\u00e9, il n&#8217;y a rien dans cette cat\u00e9gorie&#8220; acf_name=&#8220;field_672b5dbd07fab&#8220; acf_value=&#8220;\u00c0 venir&#8220; order_asc_desc=&#8220;DESC&#8220; enable_loadmore=&#8220;infinite&#8220; equal_height=&#8220;on&#8220; columns=&#8220;3&#8243; date_format=&#8220;j F Y&#8220; disabled_on=&#8220;on|on|on&#8220; _builder_version=&#8220;4.27.4&#8243; _module_preset=&#8220;default&#8220; hover_enabled=&#8220;0&#8243; global_colors_info=&#8220;{}&#8220; sticky_enabled=&#8220;0&#8243;][\/et_pb_de_mach_archive_loop][\/et_pb_column][\/et_pb_row][\/et_pb_section][et_pb_section fb_built=&#8220;1&#8243; _builder_version=&#8220;4.27.4&#8243; _module_preset=&#8220;default&#8220; global_colors_info=&#8220;{}&#8220;][et_pb_row _builder_version=&#8220;4.27.4&#8243; _module_preset=&#8220;default&#8220; custom_padding=&#8220;0px||||false|false&#8220; global_colors_info=&#8220;{}&#8220;][et_pb_column type=&#8220;4_4&#8243; _builder_version=&#8220;4.27.4&#8243; _module_preset=&#8220;default&#8220; global_colors_info=&#8220;{}&#8220;][et_pb_button button_text=&#8220;Vergangene Ausstellungen&#8220; disabled_on=&#8220;on|on|on&#8220; module_class=&#8220;rv_button_2 rv_button_closed&#8220; _builder_version=&#8220;4.27.4&#8243; _module_preset=&#8220;default&#8220; disabled=&#8220;on&#8220; global_colors_info=&#8220;{}&#8220;][\/et_pb_button][et_pb_code _builder_version=&#8220;4.27.4&#8243; _module_preset=&#8220;default&#8220; global_colors_info=&#8220;{}&#8220;]<\/p>\n<style><!-- [et_pb_line_break_holder] -->body:not(.et-fb) .rv_element { display: none; }<!-- [et_pb_line_break_holder] -->.et_pb_button.rv_button_opened:after { content:\"\" !important; }<!-- [et_pb_line_break_holder] -->.et_pb_button.rv_button_closed:after { content:\"\" !important; }<!-- [et_pb_line_break_holder] --><\/style>\n<p><!-- [et_pb_line_break_holder] -->[\/et_pb_code][et_pb_code _builder_version=&#8220;4.27.4&#8243; _module_preset=&#8220;default&#8220; global_colors_info=&#8220;{}&#8220;]<script><!-- [et_pb_line_break_holder] -->jQuery(function($){<!-- [et_pb_line_break_holder] -->\tvar revealButtons = {<!-- [et_pb_line_break_holder] -->\t\t'.rv_button_2': '.rv_element_2'<!-- [et_pb_line_break_holder] -->\t};<!-- [et_pb_line_break_holder] -->\t$.each(revealButtons, function(revealButton, revealElement) {<!-- [et_pb_line_break_holder] -->\t\t$(revealButton).click(function(e){<!-- [et_pb_line_break_holder] -->\t\t\te.preventDefault();<!-- [et_pb_line_break_holder] -->\t\t\t$(revealElement).slideToggle();<!-- [et_pb_line_break_holder] -->\t\t\t$(revealButton).toggleClass('rv_button_opened rv_button_closed');<!-- [et_pb_line_break_holder] -->\t\t});<!-- [et_pb_line_break_holder] -->\t});<!-- [et_pb_line_break_holder] -->});<!-- [et_pb_line_break_holder] --><\/script><!-- [et_pb_line_break_holder] -->[\/et_pb_code][\/et_pb_column][\/et_pb_row][\/et_pb_section][et_pb_section fb_built=&#8220;1&#8243; module_class=&#8220;rv_element rv_element_2&#8243; _builder_version=&#8220;4.27.4&#8243; _module_preset=&#8220;default&#8220; global_colors_info=&#8220;{}&#8220;][et_pb_row _builder_version=&#8220;4.27.4&#8243; _module_preset=&#8220;default&#8220; width=&#8220;93%&#8220; width_tablet=&#8220;95%&#8220; width_phone=&#8220;98%&#8220; width_last_edited=&#8220;on|desktop&#8220; global_colors_info=&#8220;{}&#8220; width__hover_enabled=&#8220;off|desktop&#8220;][et_pb_column type=&#8220;4_4&#8243; _builder_version=&#8220;4.27.4&#8243; _module_preset=&#8220;default&#8220; global_colors_info=&#8220;{}&#8220;][et_pb_de_mach_archive_loop post_type_choose=&#8220;exposition-nature&#8220; loop_layout=&#8220;2764&#8243; no_posts_layout_text=&#8220;D\u00e9sol\u00e9, il n&#8217;y a rien dans cette cat\u00e9gorie&#8220; acf_name=&#8220;field_672b5dbd07fab&#8220; acf_value=&#8220;Pass\u00e9e&#8220; enable_loadmore=&#8220;infinite&#8220; equal_height=&#8220;on&#8220; columns=&#8220;3&#8243; date_format=&#8220;j F Y&#8220; _builder_version=&#8220;4.27.4&#8243; _module_preset=&#8220;default&#8220; hover_enabled=&#8220;0&#8243; global_colors_info=&#8220;{}&#8220; sticky_enabled=&#8220;0&#8243;][\/et_pb_de_mach_archive_loop][\/et_pb_column][\/et_pb_row][\/et_pb_section]<\/p>\n","protected":false},"excerpt":{"rendered":"<p>Laufende AusstellungenKommende Ausstellungen<\/p>\n","protected":false},"author":2,"featured_media":0,"parent":0,"menu_order":0,"comment_status":"closed","ping_status":"closed","template":"","meta":{"_acf_changed":false,"_et_pb_use_builder":"on","_et_pb_old_content":"","_et_gb_content_width":"","_crsspst_to_musees-valais-devch":false,"_crsspst_to_artmusees-valais-devch":false,"_crsspst_to_histoiremusees-valais-devch":false,"footnotes":""},"class_list":["post-2667","page","type-page","status-publish","hentry"],"acf":[],"_links":{"self":[{"href":"https:\/\/nature.musees-valais-dev.ch\/de\/wp-json\/wp\/v2\/pages\/2667","targetHints":{"allow":["GET"]}}],"collection":[{"href":"https:\/\/nature.musees-valais-dev.ch\/de\/wp-json\/wp\/v2\/pages"}],"about":[{"href":"https:\/\/nature.musees-valais-dev.ch\/de\/wp-json\/wp\/v2\/types\/page"}],"author":[{"embeddable":true,"href":"https:\/\/nature.musees-valais-dev.ch\/de\/wp-json\/wp\/v2\/users\/2"}],"replies":[{"embeddable":true,"href":"https:\/\/nature.musees-valais-dev.ch\/de\/wp-json\/wp\/v2\/comments?post=2667"}],"version-history":[{"count":5,"href":"https:\/\/nature.musees-valais-dev.ch\/de\/wp-json\/wp\/v2\/pages\/2667\/revisions"}],"predecessor-version":[{"id":6869,"href":"https:\/\/nature.musees-valais-dev.ch\/de\/wp-json\/wp\/v2\/pages\/2667\/revisions\/6869"}],"wp:attachment":[{"href":"https:\/\/nature.musees-valais-dev.ch\/de\/wp-json\/wp\/v2\/media?parent=2667"}],"curies":[{"name":"wp","href":"https:\/\/api.w.org\/{rel}","templated":true}]}}