{"id":2723,"date":"2024-08-22T09:33:45","date_gmt":"2024-08-22T07:33:45","guid":{"rendered":"https:\/\/nature.musees-valais-dev.ch\/ueber-uns\/"},"modified":"2025-03-14T09:57:23","modified_gmt":"2025-03-14T08:57:23","slug":"ueber-uns","status":"publish","type":"page","link":"https:\/\/nature.musees-valais-dev.ch\/de\/ueber-uns\/","title":{"rendered":"\u00dcber uns"},"content":{"rendered":"<p>[et_pb_section fb_built=&#8220;1&#8243; _builder_version=&#8220;4.27.4&#8243; _module_preset=&#8220;default&#8220; background_enable_color=&#8220;off&#8220; global_colors_info=&#8220;{}&#8220;][et_pb_row _builder_version=&#8220;4.27.0&#8243; _module_preset=&#8220;default&#8220; global_colors_info=&#8220;{}&#8220;][et_pb_column type=&#8220;4_4&#8243; _builder_version=&#8220;4.27.0&#8243; _module_preset=&#8220;default&#8220; global_colors_info=&#8220;{}&#8220;][et_pb_text _builder_version=&#8220;4.27.4&#8243; _module_preset=&#8220;default&#8220; header_text_color=&#8220;#000000&#8243; global_colors_info=&#8220;{}&#8220;]<\/p>\n<h1>\u00dcber uns<\/h1>\n<p>[\/et_pb_text][\/et_pb_column][\/et_pb_row][\/et_pb_section][et_pb_section fb_built=&#8220;1&#8243; module_id=&#8220;histoire&#8220; _builder_version=&#8220;4.27.4&#8243; _module_preset=&#8220;default&#8220; global_colors_info=&#8220;{}&#8220;][et_pb_row column_structure=&#8220;2_5,3_5&#8243; _builder_version=&#8220;4.24.2&#8243; _module_preset=&#8220;default&#8220; global_colors_info=&#8220;{}&#8220;][et_pb_column type=&#8220;2_5&#8243; _builder_version=&#8220;4.24.2&#8243; _module_preset=&#8220;default&#8220; global_colors_info=&#8220;{}&#8220;][et_pb_text _builder_version=&#8220;4.27.4&#8243; _module_preset=&#8220;default&#8220; global_colors_info=&#8220;{}&#8220;]<\/p>\n<h2>Das Museum heute<\/h2>\n<p>[\/et_pb_text][\/et_pb_column][et_pb_column type=&#8220;3_5&#8243; _builder_version=&#8220;4.24.2&#8243; _module_preset=&#8220;default&#8220; global_colors_info=&#8220;{}&#8220;][et_pb_text _builder_version=&#8220;4.27.4&#8243; _module_preset=&#8220;default&#8220; global_colors_info=&#8220;{}&#8220;]<\/p>\n<p><strong>Entdecken Sie die reiche Vielfalt des nat\u00fcrlichen Erbes und der einheimischen Arten einer Region mit einer aussergew\u00f6hnlichen Biodiversit\u00e4t. Das Naturmuseum Wallis l\u00e4sst Sie mitten in die verschiedenen Walliser Lebensr\u00e4ume eintauchen und l\u00e4dt Sie ein, \u00fcber die Auswirkungen von uns Menschen auf unsere Umgebung nachzudenken. <\/strong><\/p>\n<p>Das Wallis beheimatet eine aussergew\u00f6hnlich vielf\u00e4ltige Tier- und Pflanzenwelt. Als Alpenregion besitzt der Kanton ausserdem eine mannigfaltige Geologie und bemerkenswerte Mineralien. Anhand seiner originellen Inszenierung schickt das Naturmuseum Wallis seine Besucherinnen und Besucher auf eine Entdeckungsreise zu den Reicht\u00fcmern dieses sch\u00fctzenswerten Erbes.  <\/p>\n<p>S\u00e4ugetiere, V\u00f6gel, Insekten, Pflanzen und Mineralien sind vor dem Hintergrund der verschiedenen nat\u00fcrlichen Lebensr\u00e4ume des Wallis zu sehen. Der Rundgang macht den Besucherinnen und Besuchern bewusst, welche Auswirkungen wir Menschen auf unsere Umgebung haben. Das Naturmuseum Wallis hat als erstes Museum das Anthropoz\u00e4n wegbereitend thematisiert, dieses geologische Zeitalter, in dem Homo sapiens zum wichtigsten Faktor der globalen Umweltver\u00e4nderung geworden ist.  <\/p>\n<p>Das Naturmuseum Wallis arbeitet mit verschiedenen Akteurinnen und Akteuren aus Wissenschaft und Kultur im Wallis zusammen, insbesondere mit dem botanischen Alpengarten in Champex.<\/p>\n<p>[\/et_pb_text][\/et_pb_column][\/et_pb_row][\/et_pb_section][et_pb_section fb_built=&#8220;1&#8243; module_id=&#8220;histoire&#8220; _builder_version=&#8220;4.27.4&#8243; _module_preset=&#8220;default&#8220; background_color=&#8220;#EDEDED&#8220; global_colors_info=&#8220;{}&#8220;][et_pb_row column_structure=&#8220;2_5,3_5&#8243; _builder_version=&#8220;4.24.2&#8243; _module_preset=&#8220;default&#8220; global_colors_info=&#8220;{}&#8220;][et_pb_column type=&#8220;2_5&#8243; _builder_version=&#8220;4.24.2&#8243; _module_preset=&#8220;default&#8220; global_colors_info=&#8220;{}&#8220;][et_pb_text _builder_version=&#8220;4.27.4&#8243; _module_preset=&#8220;default&#8220; global_colors_info=&#8220;{}&#8220;]<\/p>\n<h2>Unsere Geschichte<\/h2>\n<p>[\/et_pb_text][\/et_pb_column][et_pb_column type=&#8220;3_5&#8243; _builder_version=&#8220;4.24.2&#8243; _module_preset=&#8220;default&#8220; global_colors_info=&#8220;{}&#8220;][et_pb_text _builder_version=&#8220;4.27.4&#8243; _module_preset=&#8220;default&#8220; hover_enabled=&#8220;0&#8243; global_colors_info=&#8220;{}&#8220; sticky_enabled=&#8220;0&#8243;]<\/p>\n<p><strong>Das Naturmuseum wurde 1829 von Jesuitenpater Etienne Elearts (1795\u20131853) gegr\u00fcndet, als naturhistorisches Kabinett. Es ist in die kantonale Geschichte eingegangen als das erste offizielle Kantonsmuseum, im Jahr 1842. <\/strong><\/p>\n<p>Das als Referenzsammlung f\u00fcr den Unterricht am Kollegium geschaffene Museum umfasste wissenschaftliche Best\u00e4nde, die urspr\u00fcnglich dazu dienten, die Mineralien, Pflanzen und Tiere des Wallis sowie die regionalen Rarit\u00e4ten m\u00f6glichst vollst\u00e4ndig zu illustrieren. Aufgrund der anf\u00e4nglich enzyklop\u00e4dischen Aufgabe wurde eine gr\u00f6sstm\u00f6gliche Anzahl Exemplare nach ihrer Klassifizierung aufgereiht.<\/p>\n<p>Organisation und Pr\u00e4sentation der Sammlungen haben sich im Verlauf der Zeit erheblich ver\u00e4ndert. Im Jahr 2013 hat die Er\u00f6ffnung neuer Ausstellungsr\u00e4ume in der Galerie Grange-a\u0300-l\u2019Eve\u0302que eine komplette Neugestaltung der Pr\u00e4sentation erm\u00f6glicht. Die Inszenierung schafft einen engen Kontakt zwischen den Sammlungen und der skizzierten Natur und profiliert die Rolle des Museums als Kompetenzzentrum. Das Naturmuseum entwickelt seither eine originelle Kulturpolitik, in \u00dcbereinstimmung mit den aktuellen sozio\u00f6kologischen Herausforderungen, unter dem Gesichtspunkt des Anthropoz\u00e4ns, indem es die Natur-, Human und Sozialwissenschaften miteinander kombiniert.<\/p>\n<p>Das Naturmuseum Wallis widmete als erstes naturhistorisches Museum dem Anthropoz\u00e4n einen Raum in seiner Dauerausstellung im Jahr 2014 sowie eine grosse Sonderausstellung im Jahr 2016. F\u00fcr letztere erhielt das Museum den Prix Expo der Akademie der Naturwissenschaften Schweiz.<\/p>\n<p>Das Naturmuseum Wallis betreibt Zusammenarbeiten und Austausch mit Museen in den USA (Carnegie Museum of Natural History, Pittsburgh), in Frankreich (Mus\u00e9e des Confluences, Lyon), in Deutschland (Museum f\u00fcr Naturkunde, Berlin) und Taiwan (Nationalmuseum, Taipeh) sowie in der Schweiz (Naturhistorisches Museum Basel). Aufgrund der Positionierung des Museums hat die Direktion zudem mit dem ICOM international zusammengearbeitet, insbesondere im Komitee f\u00fcr die Museumsdefinition (ICOM Define), zur Erarbeitung des im August 2022 in Prag angenommenen Textes.<\/p>\n<p>Das Naturmuseum Wallis beherbergt seit 1875 <a href=\"https:\/\/lamurithienne.ch\/\" target=\"_blank\" rel=\"noopener\">La Murithienne<\/a>, die Walliser Gesellschaft f\u00fcr Naturwissenschaften, die 1861 gegr\u00fcndet wurde. Die Herbarien und die Bibliothek wurden gemeinsam aufgebaut.<\/p>\n<p>[\/et_pb_text][\/et_pb_column][\/et_pb_row][\/et_pb_section][et_pb_section fb_built=&#8220;1&#8243; module_id=&#8220;team&#8220; _builder_version=&#8220;4.27.4&#8243; _module_preset=&#8220;default&#8220; background_color=&#8220;#FFFFFF&#8220; global_colors_info=&#8220;{}&#8220;][et_pb_row column_structure=&#8220;2_5,3_5&#8243; _builder_version=&#8220;4.27.4&#8243; _module_preset=&#8220;default&#8220; global_colors_info=&#8220;{}&#8220;][et_pb_column type=&#8220;2_5&#8243; _builder_version=&#8220;4.27.4&#8243; _module_preset=&#8220;default&#8220; global_colors_info=&#8220;{}&#8220;][et_pb_text _builder_version=&#8220;4.27.4&#8243; _module_preset=&#8220;default&#8220; header_2_text_color=&#8220;#000000&#8243; global_colors_info=&#8220;{}&#8220;]<\/p>\n<h2>Unser Team<\/h2>\n<p>[\/et_pb_text][\/et_pb_column][et_pb_column type=&#8220;3_5&#8243; _builder_version=&#8220;4.27.4&#8243; _module_preset=&#8220;default&#8220; global_colors_info=&#8220;{}&#8220;][et_pb_toggle title=&#8220;Naturmuseum Wallis&#8220; disabled_on=&#8220;on|on|on&#8220; _builder_version=&#8220;4.27.4&#8243; _module_preset=&#8220;default&#8220; disabled=&#8220;on&#8220; global_colors_info=&#8220;{}&#8220;]<\/p>\n<p><strong>Nicolas KRAMAR<\/strong> &#8211; Direktor des Naturmuseums &#8211; <a href=\"mailto:nicolas.kramar@admin.vs.ch\">nicolas.kramar@admin.vs.ch<\/a><\/p>\n<p><strong>Arnaud M\u00c9TRAILLER<\/strong> &#8211; Sekretariat-Assistenz &#8211; <a href=\"mailto:arnaud.metrailler@admin.vs.ch\">arnaud.metrailler@admin.vs.ch<\/a><\/p>\n<p><strong>Simona RUFFENER<\/strong> &#8211; Wissenschaftliche Mitarbeiterin &#8211; <a href=\"mailto:simona.ruffener@admin.vs.ch\">simona.ruffener@admin.vs.ch<\/a><\/p>\n<p><strong>H\u00e9l\u00e8ne GABIOUD-DUINAT<\/strong> &#8211; Inventar &#8211; <a href=\"mailto:helene.gabioud-duinat@admin.vs.ch\">helene.gabioud-duinat@admin.vs.ch<\/a><\/p>\n<p><strong>B\u00e9atrice MURISIER-VIELLE<\/strong> &#8211; Kulturvermittlung &#8211; <a href=\"mailto:beatrice.murisier-vielle@admin.vs.ch\">beatrice.murisier-vielle@admin.vs.ch<\/a><\/p>\n<p><strong>Ursina BALMER<\/strong> &#8211; Kulturvermittlung Deutsch &#8211; <a href=\"mailto:ursina.balmer@admin.vs.ch\">ursina.balmer@admin.vs.ch<\/a><\/p>\n<p><strong>Jeannine GARAUDEL<\/strong> &#8211; Kulturvermittlung Deutsch und Franz\u00f6sisch &#8211; <a href=\"mailto:jeannine.garaudel@admin.vs.ch\">jeannine.garaudel@admin.vs.ch<\/a><\/p>\n<p><strong>Georges-Emmanuel DENJEAN<\/strong> &#8211; Leitung Empfang &#8211; <a href=\"mailto:georges-emmanuel.denjean@admin.vs.ch\">georges-emmanuel.denjean@admin.vs.ch<\/a><\/p>\n<p>[\/et_pb_toggle][et_pb_text _builder_version=&#8220;4.27.4&#8243; _module_preset=&#8220;default&#8220; global_colors_info=&#8220;{}&#8220;]<\/p>\n<p><strong>Nicolas KRAMAR<\/strong> &#8211; Direktor des Naturmusuems Wallis &#8211; <a href=\"mailto:nicolas.kramar@admin.vs.ch\">nicolas.kramar@admin.vs.ch<\/a><\/p>\n<p><strong>Ursina BALMER<\/strong> &#8211; Kulturvermittlung Deutsch &#8211; <a href=\"mailto:ursina.balmer@admin.vs.ch\">ursina.balmer@admin.vs.ch<\/a><\/p>\n<p><strong>Georges-Emmanuel DENJEAN<\/strong> &#8211; Leitung Empfang &#8211; <a href=\"mailto:georges-emmanuel.denjean@admin.vs.ch\">georges-emmanuel.denjean@admin.vs.ch<\/a><\/p>\n<p><strong>H\u00e9l\u00e8ne GABIOUD-DUINAT<\/strong> &#8211; Inventar &#8211; <a href=\"mailto:helene.gabioud-duinat@admin.vs.ch\">helene.gabioud-duinat@admin.vs.ch<\/a><\/p>\n<p><strong>Jeannine GARAUDEL<\/strong> &#8211; Kulturvermittlung Deutsch und Franz\u00f6sisch &#8211; <a href=\"mailto:jeannine.garaudel@admin.vs.ch\">jeannine.garaudel@admin.vs.ch<\/a><\/p>\n<p><strong>Sofia MATOS<\/strong> &#8211; Inventar &#8211; <a href=\"mailto:sofia.matos@admin.vs.ch\">sofia.matos@admin.vs.ch<\/a><\/p>\n<p><strong>Arnaud M\u00c9TRAILLER<\/strong> &#8211; Sekretariat-Assistenz &#8211; <a href=\"mailto:arnaud.metrailler@admin.vs.ch\">arnaud.metrailler@admin.vs.ch<\/a><\/p>\n<p><strong>B\u00e9atrice MURISIER-VIELLE<\/strong> &#8211; Kulturvermittlung &#8211; <a href=\"mailto:beatrice.murisier-vielle@admin.vs.ch\">beatrice.murisier-vielle@admin.vs.ch<\/a><\/p>\n<p><strong>Simona RUFFENER<\/strong> &#8211; Wissenschaftliche Mitarbeiterin &#8211; <a href=\"mailto:simona.ruffener@admin.vs.ch\">simona.ruffener@admin.vs.ch<\/a><\/p>\n<p>[\/et_pb_text][\/et_pb_column][\/et_pb_row][\/et_pb_section][et_pb_section fb_built=&#8220;1&#8243; module_id=&#8220;partenaires&#8220; _builder_version=&#8220;4.27.4&#8243; _module_preset=&#8220;default&#8220; background_color=&#8220;#EDEDED&#8220; global_colors_info=&#8220;{}&#8220;][et_pb_row _builder_version=&#8220;4.27.2&#8243; _module_preset=&#8220;default&#8220; global_colors_info=&#8220;{}&#8220;][et_pb_column type=&#8220;4_4&#8243; _builder_version=&#8220;4.27.2&#8243; _module_preset=&#8220;default&#8220; global_colors_info=&#8220;{}&#8220;][et_pb_text _builder_version=&#8220;4.27.4&#8243; _module_preset=&#8220;default&#8220; global_colors_info=&#8220;{}&#8220;]<\/p>\n<h2>Partnerschaften<\/h2>\n<p>[\/et_pb_text][et_pb_text _builder_version=&#8220;4.27.4&#8243; _module_preset=&#8220;default&#8220; global_colors_info=&#8220;{}&#8220;]<\/p>\n<p>Das Naturmuseum Wallis dankt all seinen kulturellen wie finanziellen, vergangenen wie gegenw\u00e4rtigen Partnern f\u00fcr ihre Zusammenarbeit und ihre grossz\u00fcgige Unterst\u00fctzung.<\/p>\n<p>[\/et_pb_text][\/et_pb_column][\/et_pb_row][et_pb_row column_structure=&#8220;2_5,3_5&#8243; _builder_version=&#8220;4.27.2&#8243; _module_preset=&#8220;default&#8220; global_colors_info=&#8220;{}&#8220;][et_pb_column type=&#8220;2_5&#8243; _builder_version=&#8220;4.27.2&#8243; _module_preset=&#8220;default&#8220; global_colors_info=&#8220;{}&#8220;][et_pb_text _builder_version=&#8220;4.27.2&#8243; _module_preset=&#8220;default&#8220; global_colors_info=&#8220;{}&#8220;]<\/p>\n<h3>Freundinnen und Freunde<\/h3>\n<p>[\/et_pb_text][\/et_pb_column][et_pb_column type=&#8220;3_5&#8243; _builder_version=&#8220;4.27.2&#8243; _module_preset=&#8220;default&#8220; global_colors_info=&#8220;{}&#8220;][et_pb_text _builder_version=&#8220;4.27.4&#8243; _module_preset=&#8220;default&#8220; global_colors_info=&#8220;{}&#8220;]<\/p>\n<p>Der 1992 gegr\u00fcndete Verein Freundinnen und Freunde des Naturmuseums unterst\u00fctzt die Aktivit\u00e4ten des Museums. Der Verein organisiert Veranstaltungen und Pr\u00e4sentationen zum Thema Naturgeschichte, Exkursionen in Regionen, Institutionen und Museen, welche Naturerbe zur Geltung bringen. <\/p>\n<p>Mehr erfahren und Mitglied werden: <a href=\"mailto:amisdumn@ik.me\">amisdumn@ik.me<\/a><\/p>\n<p>[\/et_pb_text][\/et_pb_column][\/et_pb_row][et_pb_row column_structure=&#8220;2_5,3_5&#8243; _builder_version=&#8220;4.27.4&#8243; _module_preset=&#8220;default&#8220; custom_padding=&#8220;||0px||false|false&#8220; global_colors_info=&#8220;{}&#8220;][et_pb_column type=&#8220;2_5&#8243; _builder_version=&#8220;4.27.2&#8243; _module_preset=&#8220;default&#8220; global_colors_info=&#8220;{}&#8220;][et_pb_text _builder_version=&#8220;4.27.2&#8243; _module_preset=&#8220;default&#8220; global_colors_info=&#8220;{}&#8220;]<\/p>\n<h3>Unterst\u00fctzung und Partnerschaften<\/h3>\n<p>[\/et_pb_text][\/et_pb_column][et_pb_column type=&#8220;3_5&#8243; _builder_version=&#8220;4.27.2&#8243; _module_preset=&#8220;default&#8220; global_colors_info=&#8220;{}&#8220;][et_pb_text _builder_version=&#8220;4.27.4&#8243; _module_preset=&#8220;default&#8220; global_colors_info=&#8220;{}&#8220;]<\/p>\n<h4>Fachverb\u00e4nde<\/h4>\n<p>Das Naturmuseum ist Mitglied der folgenden Fachverb\u00e4nde:<\/p>\n<ul>\n<li>VWM \u2013 Vereinigung der Walliser Museen<\/li>\n<li>ICOM Schweiz \u2013 Internationaler Museumsrat<\/li>\n<li>VMS\/AMS \u2013 Verband der Museen der Schweiz<\/li>\n<li>MusNatColl.ch \u2013 Verband der naturwissenschaftlichen Museen und Sammlung der Schweiz und Lichtenstein<\/li>\n<li>Infofauna \u2013 Nationales Daten- und Informationszentrum der Schweizer Fauna<\/li>\n<li>Science et Cit\u00e9 \u2013 Kompetenzzentrum f\u00fcr den Dialog zwischen Wissenschaft und Gesellschaft<\/li>\n<li>Wilde Nachbarn<\/li>\n<li>PH-VS<\/li>\n<li>PLIP\/TECFA, UNIGE<\/li>\n<li>ICOM NATHIST<\/li>\n<\/ul>\n<h4>Kulturelle Partner<\/h4>\n<p><strong>Botanischer Alpengarten Flore-Alpe in Champex.<br \/>\n<\/strong>Seit der \u00dcbernahme der Stiftung Jean-Marcel Aubert in Champex-Lac durch die Gemeinde Orsi\u00e8res und den Kanton Wallis pr\u00e4sidiert die Direktion des Naturmuseums Wallis insbesondere den Direktionsrat des botanischen Alpengartens Flore-Alpe in Champex-Lac. Die Direktion der Kantonsmuseen bekleidet <em>von Amts wegen <\/em>das Vizepr\u00e4sidium der Stiftung Jean-Marcel Aubert. <\/p>\n<p><strong>La Murithienne \u2013 kantonale Gesellschaft f\u00fcr Naturwissenschaften<br \/>\n<\/strong>Das Naturmuseum Wallis und die Kantonale Gesellschaft f\u00fcr Naturwissenschaften arbeiten seit Mitte des 19. Jahrhunderts zusammen. Diese Zusammenarbeit erhielt 2008 durch eine Konvention eine offizielle Form. Dies \u00e4ussert sich insbesondere in der Organisation eines interdisziplin\u00e4ren Symposiums, an dem theoretische und praktische Arbeiten pr\u00e4sentiert werden.[\/et_pb_text][\/et_pb_column][\/et_pb_row][et_pb_row column_structure=&#8220;2_5,3_5&#8243; _builder_version=&#8220;4.27.2&#8243; _module_preset=&#8220;default&#8220; global_colors_info=&#8220;{}&#8220;][et_pb_column type=&#8220;2_5&#8243; _builder_version=&#8220;4.27.2&#8243; _module_preset=&#8220;default&#8220; global_colors_info=&#8220;{}&#8220;][et_pb_text _builder_version=&#8220;4.27.4&#8243; _module_preset=&#8220;default&#8220; global_colors_info=&#8220;{}&#8220;]<\/p>\n<h3>Sponsoren und Sponsorinnen, M\u00e4zene und M\u00e4zeninnen<\/h3>\n<p>[\/et_pb_text][\/et_pb_column][et_pb_column type=&#8220;3_5&#8243; _builder_version=&#8220;4.27.2&#8243; _module_preset=&#8220;default&#8220; global_colors_info=&#8220;{}&#8220;][et_pb_text _builder_version=&#8220;4.27.4&#8243; _module_preset=&#8220;default&#8220; global_colors_info=&#8220;{}&#8220;]<\/p>\n<h4>Swisscollnet<\/h4>\n<p>Das Naturmuseum hat in Partnerschaft mit dem Konservatorium und botanischen Garten Genf im Rahmen des eidgen\u00f6ssischen Projekts Swisscollnet eine zweij\u00e4hrige Finanzierung erhalten f\u00fcr die Expertise, Restaurierung und Digitalisierung von nahezu 9000 Teilen des kantonalen Herbariums.<\/p>\n<p>[\/et_pb_text][\/et_pb_column][\/et_pb_row][\/et_pb_section]<\/p>\n","protected":false},"excerpt":{"rendered":"<p>\u00dcber unsDas Museum heuteEntdecken Sie die reiche Vielfalt des nat\u00fcrlichen Erbes und der einheimischen Arten einer Region mit einer aussergew\u00f6hnlichen Biodiversit\u00e4t. Das Naturmuseum Wallis l\u00e4sst Sie mitten in die verschiedenen Walliser Lebensr\u00e4ume eintauchen und l\u00e4dt Sie ein, \u00fcber die Auswirkungen von uns Menschen auf unsere Umgebung nachzudenken. Das Wallis beheimatet eine aussergew\u00f6hnlich vielf\u00e4ltige Tier- und [&hellip;]<\/p>\n","protected":false},"author":2,"featured_media":0,"parent":0,"menu_order":0,"comment_status":"closed","ping_status":"closed","template":"","meta":{"_acf_changed":false,"_et_pb_use_builder":"on","_et_pb_old_content":"","_et_gb_content_width":"","_crsspst_to_musees-valais-devch":false,"_crsspst_to_artmusees-valais-devch":false,"_crsspst_to_histoiremusees-valais-devch":false,"footnotes":""},"class_list":["post-2723","page","type-page","status-publish","hentry"],"acf":[],"_links":{"self":[{"href":"https:\/\/nature.musees-valais-dev.ch\/de\/wp-json\/wp\/v2\/pages\/2723","targetHints":{"allow":["GET"]}}],"collection":[{"href":"https:\/\/nature.musees-valais-dev.ch\/de\/wp-json\/wp\/v2\/pages"}],"about":[{"href":"https:\/\/nature.musees-valais-dev.ch\/de\/wp-json\/wp\/v2\/types\/page"}],"author":[{"embeddable":true,"href":"https:\/\/nature.musees-valais-dev.ch\/de\/wp-json\/wp\/v2\/users\/2"}],"replies":[{"embeddable":true,"href":"https:\/\/nature.musees-valais-dev.ch\/de\/wp-json\/wp\/v2\/comments?post=2723"}],"version-history":[{"count":5,"href":"https:\/\/nature.musees-valais-dev.ch\/de\/wp-json\/wp\/v2\/pages\/2723\/revisions"}],"predecessor-version":[{"id":2915,"href":"https:\/\/nature.musees-valais-dev.ch\/de\/wp-json\/wp\/v2\/pages\/2723\/revisions\/2915"}],"wp:attachment":[{"href":"https:\/\/nature.musees-valais-dev.ch\/de\/wp-json\/wp\/v2\/media?parent=2723"}],"curies":[{"name":"wp","href":"https:\/\/api.w.org\/{rel}","templated":true}]}}