{"id":2735,"date":"2024-04-10T11:24:36","date_gmt":"2024-04-10T09:24:36","guid":{"rendered":"https:\/\/nature.musees-valais-dev.ch\/unsere-sammlungen\/"},"modified":"2025-03-07T15:36:46","modified_gmt":"2025-03-07T14:36:46","slug":"unsere-sammlungen","status":"publish","type":"page","link":"https:\/\/nature.musees-valais-dev.ch\/de\/unsere-sammlungen\/","title":{"rendered":"Unsere Sammlungen"},"content":{"rendered":"<p>[et_pb_section fb_built=&#8220;1&#8243; fullwidth=&#8220;on&#8220; _builder_version=&#8220;4.27.4&#8243; _module_preset=&#8220;default&#8220; global_colors_info=&#8220;{}&#8220;][et_pb_fullwidth_image src=&#8220;https:\/\/nature.musees-valais-dev.ch\/wp-content\/uploads\/2025\/02\/Collection-MN.jpg&#8220; alt=&#8220;Unsere Sammlungen Naturmuseum Wallis \u00a9 Walliser Kantonsmuseen&#8220; title_text=&#8220;Unsere Sammlungen Naturmuseum Wallis \u00a9 Walliser Kantonsmuseen&#8220; src_tablet=&#8220;https:\/\/nature.musees-valais-dev.ch\/wp-content\/uploads\/2025\/02\/Nos-collections-Musee-de-la-nature-du-Valais-\u00a9-Musees-cantonaux-du-Valais.jpg&#8220; src_phone=&#8220;https:\/\/nature.musees-valais-dev.ch\/wp-content\/uploads\/2025\/02\/Nos-collections-Musee-de-la-nature-du-Valais-\u00a9-Musees-cantonaux-du-Valais.jpg&#8220; src_last_edited=&#8220;on|phone&#8220; _builder_version=&#8220;4.27.4&#8243; _module_preset=&#8220;default&#8220; global_colors_info=&#8220;{}&#8220;][\/et_pb_fullwidth_image][\/et_pb_section][et_pb_section fb_built=&#8220;1&#8243; _builder_version=&#8220;4.27.4&#8243; _module_preset=&#8220;default&#8220; global_colors_info=&#8220;{}&#8220;][et_pb_row _builder_version=&#8220;4.24.2&#8243; _module_preset=&#8220;default&#8220; global_colors_info=&#8220;{}&#8220;][et_pb_column type=&#8220;4_4&#8243; _builder_version=&#8220;4.24.2&#8243; _module_preset=&#8220;default&#8220; global_colors_info=&#8220;{}&#8220;][et_pb_text _builder_version=&#8220;4.27.4&#8243; _module_preset=&#8220;default&#8220; header_text_color=&#8220;#000000&#8243; header_2_font=&#8220;||||||||&#8220; global_colors_info=&#8220;{}&#8220;]<\/p>\n<h1>Unsere Sammlungen<\/h1>\n<p>[\/et_pb_text][\/et_pb_column][\/et_pb_row][\/et_pb_section][et_pb_section fb_built=&#8220;1&#8243; _builder_version=&#8220;4.27.4&#8243; _module_preset=&#8220;default&#8220; global_colors_info=&#8220;{}&#8220;][et_pb_row column_structure=&#8220;2_5,3_5&#8243; _builder_version=&#8220;4.27.4&#8243; _module_preset=&#8220;default&#8220; custom_padding=&#8220;||||false|false&#8220; global_colors_info=&#8220;{}&#8220;][et_pb_column type=&#8220;2_5&#8243; _builder_version=&#8220;4.27.4&#8243; _module_preset=&#8220;default&#8220; global_colors_info=&#8220;{}&#8220;][et_pb_text _builder_version=&#8220;4.27.4&#8243; _module_preset=&#8220;default&#8220; global_colors_info=&#8220;{}&#8220;]<\/p>\n<h2>Ein aussergew\u00f6hnliches Erbe<\/h2>\n<p>[\/et_pb_text][\/et_pb_column][et_pb_column type=&#8220;3_5&#8243; _builder_version=&#8220;4.27.4&#8243; _module_preset=&#8220;default&#8220; global_colors_info=&#8220;{}&#8220;][et_pb_text _builder_version=&#8220;4.27.4&#8243; _module_preset=&#8220;default&#8220; hover_enabled=&#8220;0&#8243; global_colors_info=&#8220;{}&#8220; sticky_enabled=&#8220;0&#8243;]<\/p>\n<p><strong>Das Naturmuseum Wallis ist die Referenzinstitution f\u00fcr das nat\u00fcrliche Erbe des Kantons. Elemente dieses Erbes wurden aufgrund ihrer aussergew\u00f6hnlichen Qualit\u00e4t schon in den gr\u00f6ssten Museen der Schweiz und weltweit gezeigt, in Europa wie in den Vereinigten Staaten.<\/strong><\/p>\n<p>Die Sammlungen des Naturmuseums umfassen S\u00e4ugetiere, V\u00f6gel, Insekten, Pflanzen, Gesteine und Fossilien. Sie zeugen vom Reichtum und von der Vielfalt der Fauna, der Flora und der Geologie des Wallis. In den Bereichen Konservierung und Vermittlung bestens ausgestattet, setzt sich das Museum im Sinne von Artikel 724 des Schweizerischen Zivilgesetzbuchs f\u00fcr den Schutz dieses aussergew\u00f6hnlichen Erbes ein.<\/p>\n<p>Das Museum verf\u00fcgt \u00fcber zwei unterschiedliche Arten von Sammlungen: wissenschaftliche und didaktische:<\/p>\n<ul>\n<li>Die wissenschaftlichen Sammlungen werden f\u00fcr Ausstellungen und f\u00fcr die Forschung genutzt. In diesem Bereich bildet das Naturmuseum Wallis einen spezifischen Bestand: die Sammlung zum Anthropoz\u00e4n. Diese besteht aus Objekten, die sich mit den Wechselwirkungen zwischen den Gesellschaften und ihrer Umgebung befassen. Solche Objekte lassen sich nicht einfach unter \u00abNatur\u00bb oder \u00abKultur\u00bb einordnen, und sie hinterfragen ausserdem gerade diese Kategorisierung, die von Museen weltweit immer noch weitgehend verwendet wird.<\/li>\n<li>Die didaktischen Sammlungen werden f\u00fcr die verschiedenen Vermittlungst\u00e4tigkeiten genutzt. Sie verlangen weniger strenge Konservierungsregeln und k\u00f6nnen museumsexternen Strukturen problemlos zur Verf\u00fcgung gestellt werden.<\/li>\n<\/ul>\n<p>Ein Teil der Museumssammlung kann online auf der Plattform <a href=\"https:\/\/www.vallesiana.ch\/patrimoine\/homepage.html#!search\" target=\"_blank\" rel=\"noopener\">Vallesiana <\/a>eingesehen werden.<\/p>\n<p>[\/et_pb_text][et_pb_button button_url=&#8220;https:\/\/www.vallesiana.ch\/patrimoine\/recherche-14.html#!search;filter=provenance_gen%255C2%2522MUSEUMPLUS%255C3%255C3%255C3%255C3%257C_Musee_de_la_Nature_du_Valais__Sion%2522;option=afs%253Apage%255C21&#8243; url_new_window=&#8220;on&#8220; button_text=&#8220;Die Sammlung online ansehen&#8220; _builder_version=&#8220;4.27.4&#8243; _module_preset=&#8220;default&#8220; button_text_color=&#8220;#1F5D5F&#8220; button_bg_color=&#8220;#EDFE97&#8243; global_colors_info=&#8220;{}&#8220;][\/et_pb_button][\/et_pb_column][\/et_pb_row][\/et_pb_section][et_pb_section fb_built=&#8220;1&#8243; _builder_version=&#8220;4.27.4&#8243; _module_preset=&#8220;default&#8220; background_color=&#8220;#EDEDED&#8220; global_colors_info=&#8220;{}&#8220;][et_pb_row column_structure=&#8220;2_5,3_5&#8243; _builder_version=&#8220;4.27.4&#8243; _module_preset=&#8220;default&#8220; custom_padding=&#8220;||||false|false&#8220; global_colors_info=&#8220;{}&#8220;][et_pb_column type=&#8220;2_5&#8243; _builder_version=&#8220;4.27.4&#8243; _module_preset=&#8220;default&#8220; global_colors_info=&#8220;{}&#8220;][et_pb_text _builder_version=&#8220;4.27.4&#8243; _module_preset=&#8220;default&#8220; global_colors_info=&#8220;{}&#8220;]<\/p>\n<h2>Erforschen und bewahren<\/h2>\n<p>[\/et_pb_text][\/et_pb_column][et_pb_column type=&#8220;3_5&#8243; _builder_version=&#8220;4.27.4&#8243; _module_preset=&#8220;default&#8220; global_colors_info=&#8220;{}&#8220;][et_pb_text _builder_version=&#8220;4.27.4&#8243; _module_preset=&#8220;default&#8220; global_colors_info=&#8220;{}&#8220;]<\/p>\n<p>Alle Best\u00e4nde der Walliser Kantonsmuseen unterstehen der Verantwortung der Sektion Sammlungen, welche deren Verwaltung und Konservierung gew\u00e4hrleistet.<\/p>\n<p>Das Konservierungsteam sorgt f\u00fcr die langfristige Konservierung der Sammlungen der Walliser Kantonsmuseen. Die Sammlungen umfassen Objekte verschiedenster Art, wie Gem\u00e4lde, M\u00f6bel, Textilien, arch\u00e4ologische Gegenst\u00e4nde und nat\u00fcrliche Exemplare. Diese erfordern besondere Aufmerksamkeit, um die Zeit zu \u00fcberdauern.<\/p>\n<p>Vorbeugende Konservierungsmassnahmen sch\u00fctzen gegen Faktoren, die Ver\u00e4nderungen an den Objekten verursachen k\u00f6nnen, wie Schwankungen des Raumklimas oder mechanische Einwirkungen. Sie beugen Sch\u00e4digungen durch Licht, Insekten und Parasiten vor. Im Rahmen der Lagerverwaltung \u00fcberpr\u00fcft die Sektion Sammlungen ausserdem die optimalen Lagerbedingungen f\u00fcr die Objekte und kontrolliert regelm\u00e4ssig die Lagerr\u00e4ume.Sie bek\u00e4mpfen Sch\u00e4den durch Licht, Insekten und Parasiten.<\/p>\n<p>Die Sektion Sammlungen gibt bei Ausleihanfragen und Neuanschaffungen Vormeinungen ab, indem sie Zustandsprotokolle erstellt. Ausserdem bereitet sie die Objekte f\u00fcr Transporte vor und f\u00fcr die Einlagerung unter geeigneten Bedingungen. Sie organisiert auch die Objektlogistik im Zusammenhang mit Ausstellungen, beispielsweise den Transport oder die Ausstattung mit einem geeigneten Sockel.<\/p>\n<p>Ein Fotostudio erstellt die fotografische Dokumentation der Objekte in Erg\u00e4nzung zu den wissenschaftlichen und administrativen Daten, welche von den Inventarbeauftragten in jedem der drei Walliser Kantonsmuseen erstellt werden.<\/p>\n<p>[\/et_pb_text][\/et_pb_column][\/et_pb_row][\/et_pb_section]<\/p>\n","protected":false},"excerpt":{"rendered":"<p>Unsere SammlungenEin aussergew\u00f6hnliches ErbeDas Naturmuseum Wallis ist die Referenzinstitution f\u00fcr das nat\u00fcrliche Erbe des Kantons. Elemente dieses Erbes wurden aufgrund ihrer aussergew\u00f6hnlichen Qualit\u00e4t schon in den gr\u00f6ssten Museen der Schweiz und weltweit gezeigt, in Europa wie in den Vereinigten Staaten. Die Sammlungen des Naturmuseums umfassen S\u00e4ugetiere, V\u00f6gel, Insekten, Pflanzen, Gesteine und Fossilien. Sie zeugen vom [&hellip;]<\/p>\n","protected":false},"author":2,"featured_media":0,"parent":0,"menu_order":0,"comment_status":"closed","ping_status":"closed","template":"","meta":{"_acf_changed":false,"_et_pb_use_builder":"on","_et_pb_old_content":"","_et_gb_content_width":"","_crsspst_to_musees-valais-devch":false,"_crsspst_to_artmusees-valais-devch":false,"_crsspst_to_histoiremusees-valais-devch":false,"footnotes":""},"class_list":["post-2735","page","type-page","status-publish","hentry"],"acf":[],"_links":{"self":[{"href":"https:\/\/nature.musees-valais-dev.ch\/de\/wp-json\/wp\/v2\/pages\/2735","targetHints":{"allow":["GET"]}}],"collection":[{"href":"https:\/\/nature.musees-valais-dev.ch\/de\/wp-json\/wp\/v2\/pages"}],"about":[{"href":"https:\/\/nature.musees-valais-dev.ch\/de\/wp-json\/wp\/v2\/types\/page"}],"author":[{"embeddable":true,"href":"https:\/\/nature.musees-valais-dev.ch\/de\/wp-json\/wp\/v2\/users\/2"}],"replies":[{"embeddable":true,"href":"https:\/\/nature.musees-valais-dev.ch\/de\/wp-json\/wp\/v2\/comments?post=2735"}],"version-history":[{"count":2,"href":"https:\/\/nature.musees-valais-dev.ch\/de\/wp-json\/wp\/v2\/pages\/2735\/revisions"}],"predecessor-version":[{"id":2737,"href":"https:\/\/nature.musees-valais-dev.ch\/de\/wp-json\/wp\/v2\/pages\/2735\/revisions\/2737"}],"wp:attachment":[{"href":"https:\/\/nature.musees-valais-dev.ch\/de\/wp-json\/wp\/v2\/media?parent=2735"}],"curies":[{"name":"wp","href":"https:\/\/api.w.org\/{rel}","templated":true}]}}